{"id":93,"date":"2023-01-16T09:59:30","date_gmt":"2023-01-16T08:59:30","guid":{"rendered":"https:\/\/rtspedizioni.com\/home-page\/"},"modified":"2023-02-07T15:36:49","modified_gmt":"2023-02-07T14:36:49","slug":"home-page","status":"publish","type":"page","link":"https:\/\/rtspedizioni.com\/it\/","title":{"rendered":"Home page"},"content":{"rendered":"\n<div class=\"wp-block-columns c-hero o-grid:center u-space:p-bottom u-space:l\">\n<div class=\"wp-block-column u-end-5@m u-end-7@l u-space:p-block u-space:l\">\n<h1 class=\"wp-block-heading\">Spedizioni e <strong>trasporto<\/strong> al vostro servizio<\/h1>\n<\/div>\n\n\n\n<div class=\"wp-block-column u-start-5@m u-start-8@l\">\n<p>R.T. Spedizioni \u00e8 una realt\u00e0 aziendale nata coniugando una forte esperienza ad una costante volont\u00e0 di crescita professionale, per soddisfare sempre al meglio i bisogni della clientela.<\/p>\n\n\n\n<div class=\"wp-block-buttons\">\n<div class=\"wp-block-button is-style-ghost-button\"><a class=\"wp-block-button__link wp-element-button\" href=\"https:\/\/rtspedizioni.com\/it\/contatti-e-preventivi\/\">Richiedi un preventivo<\/a><\/div>\n<\/div>\n<\/div>\n<\/div>\n\n<div class=\"wp-block-cover alignfull is-light\"><span aria-hidden=\"true\" class=\"wp-block-cover__background has-background-dim\"><\/span><video class=\"wp-block-cover__video-background intrinsic-ignore\" autoplay muted loop playsinline src=\"https:\/\/rtspedizioni.com\/wp-content\/uploads\/2023\/02\/rtspedizioni-video-deliveries.mp4\" data-object-fit=\"cover\"><\/video><div class=\"wp-block-cover__inner-container\">\n<p class=\"has-text-align-center has-large-font-size\"><\/p>\n<\/div><\/div>\n\n<div class=\"wp-block-columns u-space:p-block u-space:xl\">\n<div class=\"wp-block-column u-end-3@m u-end-5@l\">\n<p class=\"has-small-font-size\">I nostri servizi<\/p>\n<\/div>\n\n\n\n<div class=\"wp-block-column u-start-3@m u-start-5@l\">\n<h2 class=\"wp-block-heading\">Coniughiamo una forte esperienza nel settore ad una costante <strong>crescita professionale<\/strong><\/h2>\n<\/div>\n<\/div>\n\n<div class=\"c-cards o-grid:three -nogap\">\n    \n                    <div class=\"c-cards_item u-border\">\n                <a href=\"https:\/\/rtspedizioni.com\/it\/spedizioni-via-terra\/\" title=\"Spedizioni via terra\" class=\"u-cover\"><\/a>\n\n                                    <figure class=\"u-space:m-bottom u-space:s\">\n                        <img decoding=\"async\" src=\"https:\/\/rtspedizioni.com\/wp-content\/uploads\/2023\/01\/deliveries-land-1.svg\" class=\"attachment-full size-full\" alt=\"\" \/>                    <\/figure>\n                \n                <h3>Spedizioni via <strong>terra<\/strong><\/h3>\n\n                <p class=\"u-space:m-bottom u-space:s\">Camion, furgoni e mezzi dedicati per un servizio flessibile<\/p>\n                <span class=\"c-btn\">Esplora<\/span>\n            <\/div>\n                    <div class=\"c-cards_item u-border\">\n                <a href=\"https:\/\/rtspedizioni.com\/it\/spedizioni-via-mare\/\" title=\"Spedizioni via mare\" class=\"u-cover\"><\/a>\n\n                                    <figure class=\"u-space:m-bottom u-space:s\">\n                        <img decoding=\"async\" src=\"https:\/\/rtspedizioni.com\/wp-content\/uploads\/2023\/01\/deliveries-sea.svg\" class=\"attachment-full size-full\" alt=\"\" \/>                    <\/figure>\n                \n                <h3>Spedizioni via <strong>mare<\/strong><\/h3>\n\n                <p class=\"u-space:m-bottom u-space:s\">Trasporti di carichi eccezionali, stoccaggio e dogana<\/p>\n                <span class=\"c-btn\">Esplora<\/span>\n            <\/div>\n                    <div class=\"c-cards_item u-border\">\n                <a href=\"https:\/\/rtspedizioni.com\/it\/spedizioni-via-aerea\/\" title=\"Spedizioni via aerea\" class=\"u-cover\"><\/a>\n\n                                    <figure class=\"u-space:m-bottom u-space:s\">\n                        <img decoding=\"async\" src=\"https:\/\/rtspedizioni.com\/wp-content\/uploads\/2023\/01\/deliveries-air.svg\" class=\"attachment-full size-full\" alt=\"\" \/>                    <\/figure>\n                \n                <h3>Spedizioni via <strong>aerea<\/strong><\/h3>\n\n                <p class=\"u-space:m-bottom u-space:s\">Ideale per piccoli quantitativi di merce e campionature<\/p>\n                <span class=\"c-btn\">Esplora<\/span>\n            <\/div>\n        \n    <\/div>\n\n<div class=\"wp-block-cover alignfull is-light\"><span aria-hidden=\"true\" class=\"wp-block-cover__background has-background-dim\"><\/span><video class=\"wp-block-cover__video-background intrinsic-ignore\" autoplay muted loop playsinline src=\"https:\/\/rtspedizioni.com\/wp-content\/uploads\/2023\/02\/rtspedizioni-video-logistic.mp4\" data-object-fit=\"cover\"><\/video><div class=\"wp-block-cover__inner-container\">\n<h2 class=\"has-text-align-center has-large-font-size wp-block-heading\">Consulenti <strong>logistici<\/strong> multimodali<\/h2>\n\n\n\n<p class=\"has-text-align-center\">Siamo in grado di fornirvi un completo servizio di assistenza attraverso tutte le fasi del trasporto, dall&#8217;origine alla destinazione della merce<\/p>\n<\/div><\/div>\n\n<div class=\"c-cards o-grid:four -nogap\">\n    \n                    <div class=\"c-cards_item u-border\">\n                <a href=\"https:\/\/rtspedizioni.com\/it\/magazzinaggio\/\" title=\"Magazzinaggio\" class=\"u-cover\"><\/a>\n\n                                    <figure class=\"u-space:m-bottom u-space:s\">\n                        <img decoding=\"async\" src=\"https:\/\/rtspedizioni.com\/wp-content\/uploads\/2023\/01\/logistic-storage.svg\" class=\"attachment-full size-full\" alt=\"\" \/>                    <\/figure>\n                \n                <h3>Magazzinaggio<\/h3>\n\n                <p class=\"u-space:m-bottom u-space:s\">Seguiamo l&#8217;arrivo delle vostre merci in tutto il territorio italiano<\/p>\n                <span class=\"sr-only\">Esplora<\/span>\n            <\/div>\n                    <div class=\"c-cards_item u-border\">\n                <a href=\"https:\/\/rtspedizioni.com\/it\/ispezioni\/\" title=\"Ispezioni\" class=\"u-cover\"><\/a>\n\n                                    <figure class=\"u-space:m-bottom u-space:s\">\n                        <img decoding=\"async\" src=\"https:\/\/rtspedizioni.com\/wp-content\/uploads\/2023\/01\/logistic-inspections.svg\" class=\"attachment-full size-full\" alt=\"\" \/>                    <\/figure>\n                \n                <h3>Ispezioni<\/h3>\n\n                <p class=\"u-space:m-bottom u-space:s\">Servizio di ispezione e controllo delle merci per verificarne l&#8217;idoneit\u00e0 al carico<\/p>\n                <span class=\"sr-only\">Esplora<\/span>\n            <\/div>\n                    <div class=\"c-cards_item u-border\">\n                <a href=\"https:\/\/rtspedizioni.com\/it\/consulenza\/\" title=\"Consulenza\" class=\"u-cover\"><\/a>\n\n                                    <figure class=\"u-space:m-bottom u-space:s\">\n                        <img decoding=\"async\" src=\"https:\/\/rtspedizioni.com\/wp-content\/uploads\/2023\/01\/logistic-consultancy.svg\" class=\"attachment-full size-full\" alt=\"\" \/>                    <\/figure>\n                \n                <h3>Consulenza<\/h3>\n\n                <p class=\"u-space:m-bottom u-space:s\">Forniamo l&#8217;adempimento delle formalit\u00e0 burocratiche doganali<\/p>\n                <span class=\"sr-only\">Esplora<\/span>\n            <\/div>\n                    <div class=\"c-cards_item u-border\">\n                <a href=\"https:\/\/rtspedizioni.com\/it\/servizi-doganali\/\" title=\"Servizi doganali\" class=\"u-cover\"><\/a>\n\n                                    <figure class=\"u-space:m-bottom u-space:s\">\n                        <img decoding=\"async\" src=\"https:\/\/rtspedizioni.com\/wp-content\/uploads\/2023\/01\/logistic-custom.svg\" class=\"attachment-full size-full\" alt=\"\" \/>                    <\/figure>\n                \n                <h3>Servizi doganali<\/h3>\n\n                <p class=\"u-space:m-bottom u-space:s\">Gestione delle vostre merci presso i depositi doganali e fiscali<\/p>\n                <span class=\"sr-only\">Esplora<\/span>\n            <\/div>\n        \n    <\/div>\n\n<div class=\"wp-block-columns u-space:p-block u-space:l o-grid\">\n<div class=\"wp-block-column u-end-4@m u-start-2@l u-end-7@l\">\n<p class=\"has-small-font-size\">Chi siamo<\/p>\n\n\n\n<h2 class=\"wp-block-heading\">Non ci limitiamo a lavorare <strong>per voi<\/strong>, ma formiamo un team per lavorare <strong>con voi<\/strong><\/h2>\n<\/div>\n\n\n\n<div class=\"wp-block-column u-start-5@m u-start-7@l u-end-12@l o-col-end\">\n<div class=\"wp-block-buttons\">\n<div class=\"wp-block-button is-style-ghost-button\"><a class=\"wp-block-button__link wp-element-button\" href=\"https:\/\/rtspedizioni.com\/it\/chi-siamo\/\">Profilo aziendale<\/a><\/div>\n<\/div>\n<\/div>\n<\/div>\n<div class=\"js-map c-map\" data-locations=\"[{&quot;position&quot;:{&quot;lat&quot;:45.4637906,&quot;lng&quot;:12.2358886},&quot;marker&quot;:&quot;main&quot;,&quot;content&quot;:{&quot;title&quot;:&quot;RT Spedizioni s.r.l.&quot;,&quot;address&quot;:&quot;Via Banchina dell\\u2019Azoto, 15\\\/A&lt;br&gt; 30175 Marghera (VE) - Italy&quot;,&quot;gmap&quot;:&quot;https:\\\/\\\/www.google.com\\\/maps\\\/place\\\/?q=place_id:ChIJTdDvrKO2fkcRiQMNTs8V-ro&quot;,&quot;email&quot;:&quot;info@rtspedizioni.it&quot;,&quot;phone&quot;:&quot;041929063&quot;}},{&quot;position&quot;:{&quot;lat&quot;:28.613939,&quot;lng&quot;:77.209021},&quot;content&quot;:{&quot;title&quot;:&quot;New Delhi&quot;}},{&quot;position&quot;:{&quot;lat&quot;:19.075883,&quot;lng&quot;:72.878566},&quot;content&quot;:{&quot;title&quot;:&quot;Mumbay&quot;}},{&quot;position&quot;:{&quot;lat&quot;:22.83952,&quot;lng&quot;:69.721327},&quot;content&quot;:{&quot;title&quot;:&quot;Mundra&quot;}},{&quot;position&quot;:{&quot;lat&quot;:22.396428,&quot;lng&quot;:114.109497},&quot;content&quot;:{&quot;title&quot;:&quot;HK-Xiamen&quot;}},{&quot;position&quot;:{&quot;lat&quot;:29.868336,&quot;lng&quot;:121.54399},&quot;content&quot;:{&quot;title&quot;:&quot;Ningbo&quot;}},{&quot;position&quot;:{&quot;lat&quot;:31.230416,&quot;lng&quot;:121.473701},&quot;content&quot;:{&quot;title&quot;:&quot;Shanghai&quot;}},{&quot;position&quot;:{&quot;lat&quot;:31.980172,&quot;lng&quot;:120.894291},&quot;content&quot;:{&quot;title&quot;:&quot;Nantong&quot;}},{&quot;position&quot;:{&quot;lat&quot;:50.85034,&quot;lng&quot;:4.35171},&quot;content&quot;:{&quot;title&quot;:&quot;Bruxelles&quot;}},{&quot;position&quot;:{&quot;lat&quot;:43.296482,&quot;lng&quot;:5.36978},&quot;content&quot;:{&quot;title&quot;:&quot;Marseille&quot;}},{&quot;position&quot;:{&quot;lat&quot;:56.490671,&quot;lng&quot;:-4.202646},&quot;content&quot;:{&quot;title&quot;:&quot;UK&quot;}},{&quot;position&quot;:{&quot;lat&quot;:33.729388,&quot;lng&quot;:73.093146},&quot;content&quot;:{&quot;title&quot;:&quot;Islamabad&quot;}},{&quot;position&quot;:{&quot;lat&quot;:4.71054,&quot;lng&quot;:-74.07205},&quot;content&quot;:{&quot;title&quot;:&quot;Bogot\\u00e1&quot;}},{&quot;position&quot;:{&quot;lat&quot;:25.204849,&quot;lng&quot;:55.270783},&quot;content&quot;:{&quot;title&quot;:&quot;Dubai&quot;}},{&quot;position&quot;:{&quot;lat&quot;:36.752887,&quot;lng&quot;:3.042048},&quot;content&quot;:{&quot;title&quot;:&quot;Algeri&quot;}},{&quot;position&quot;:{&quot;lat&quot;:25.005448,&quot;lng&quot;:46.544831},&quot;content&quot;:{&quot;title&quot;:&quot;Ryadh&quot;}},{&quot;position&quot;:{&quot;lat&quot;:21.285407,&quot;lng&quot;:39.237551},&quot;content&quot;:{&quot;title&quot;:&quot;Jeddah&quot;}},{&quot;position&quot;:{&quot;lat&quot;:24.299174,&quot;lng&quot;:54.697277},&quot;content&quot;:{&quot;title&quot;:&quot;Abu Dhabi&quot;}},{&quot;position&quot;:{&quot;lat&quot;:-34.603684,&quot;lng&quot;:-58.381559},&quot;content&quot;:{&quot;title&quot;:&quot;Buenos Aires&quot;}},{&quot;position&quot;:{&quot;lat&quot;:-37.814107,&quot;lng&quot;:144.96328},&quot;content&quot;:{&quot;title&quot;:&quot;Melbourne&quot;}},{&quot;position&quot;:{&quot;lat&quot;:-33.867487,&quot;lng&quot;:151.20699},&quot;content&quot;:{&quot;title&quot;:&quot;Sydney&quot;}},{&quot;position&quot;:{&quot;lat&quot;:23.810332,&quot;lng&quot;:90.412518},&quot;content&quot;:{&quot;title&quot;:&quot;Dhaka&quot;}},{&quot;position&quot;:{&quot;lat&quot;:-23.967882,&quot;lng&quot;:-46.328887},&quot;content&quot;:{&quot;title&quot;:&quot;Santos&quot;}},{&quot;position&quot;:{&quot;lat&quot;:-22.907736,&quot;lng&quot;:-43.175717},&quot;content&quot;:{&quot;title&quot;:&quot;Rio de Janeiro&quot;}},{&quot;position&quot;:{&quot;lat&quot;:43.653226,&quot;lng&quot;:-79.383184},&quot;content&quot;:{&quot;title&quot;:&quot;Toronto&quot;}},{&quot;position&quot;:{&quot;lat&quot;:45.501689,&quot;lng&quot;:-73.567256},&quot;content&quot;:{&quot;title&quot;:&quot;Montreal&quot;}},{&quot;position&quot;:{&quot;lat&quot;:6.827623,&quot;lng&quot;:-5.289343},&quot;content&quot;:{&quot;title&quot;:&quot;Yamoussoukro&quot;}},{&quot;position&quot;:{&quot;lat&quot;:25.285447,&quot;lng&quot;:51.53104},&quot;content&quot;:{&quot;title&quot;:&quot;Doha&quot;}},{&quot;position&quot;:{&quot;lat&quot;:31.200092,&quot;lng&quot;:29.918739},&quot;content&quot;:{&quot;title&quot;:&quot;Alexandria&quot;}},{&quot;position&quot;:{&quot;lat&quot;:30.04442,&quot;lng&quot;:31.235712},&quot;content&quot;:{&quot;title&quot;:&quot;Cairo&quot;}},{&quot;position&quot;:{&quot;lat&quot;:41.717506,&quot;lng&quot;:44.826024},&quot;content&quot;:{&quot;title&quot;:&quot;Tbilisi&quot;}},{&quot;position&quot;:{&quot;lat&quot;:53.551085,&quot;lng&quot;:9.993682},&quot;content&quot;:{&quot;title&quot;:&quot;Hamburg&quot;}},{&quot;position&quot;:{&quot;lat&quot;:50.110922,&quot;lng&quot;:8.682127},&quot;content&quot;:{&quot;title&quot;:&quot;Frankfurt&quot;}},{&quot;position&quot;:{&quot;lat&quot;:5.814284,&quot;lng&quot;:0.074677},&quot;content&quot;:{&quot;title&quot;:&quot;Accra&quot;}},{&quot;position&quot;:{&quot;lat&quot;:14.634915,&quot;lng&quot;:-90.506882},&quot;content&quot;:{&quot;title&quot;:&quot;Guatemala City&quot;}},{&quot;position&quot;:{&quot;lat&quot;:-6.208763,&quot;lng&quot;:106.845599},&quot;content&quot;:{&quot;title&quot;:&quot;Jakarta&quot;}},{&quot;position&quot;:{&quot;lat&quot;:35.689198,&quot;lng&quot;:35.689198},&quot;content&quot;:{&quot;title&quot;:&quot;Teheran&quot;}},{&quot;position&quot;:{&quot;lat&quot;:-1.290843,&quot;lng&quot;:36.824294},&quot;content&quot;:{&quot;title&quot;:&quot;Nairobi&quot;}},{&quot;position&quot;:{&quot;lat&quot;:37.566535,&quot;lng&quot;:126.977969},&quot;content&quot;:{&quot;title&quot;:&quot;Seul&quot;}},{&quot;position&quot;:{&quot;lat&quot;:32.887209,&quot;lng&quot;:13.191338},&quot;content&quot;:{&quot;title&quot;:&quot;Tripoli&quot;}},{&quot;position&quot;:{&quot;lat&quot;:32.491698,&quot;lng&quot;:14.40247},&quot;content&quot;:{&quot;title&quot;:&quot;Khoms&quot;}},{&quot;position&quot;:{&quot;lat&quot;:54.80865,&quot;lng&quot;:25.218214},&quot;content&quot;:{&quot;title&quot;:&quot;Vilnius&quot;}},{&quot;position&quot;:{&quot;lat&quot;:3.156949,&quot;lng&quot;:101.712303},&quot;content&quot;:{&quot;title&quot;:&quot;Kuala Lumpur&quot;}},{&quot;position&quot;:{&quot;lat&quot;:33.97159,&quot;lng&quot;:-6.849813},&quot;content&quot;:{&quot;title&quot;:&quot;Rabat&quot;}},{&quot;position&quot;:{&quot;lat&quot;:-25.256988,&quot;lng&quot;:32.537274},&quot;content&quot;:{&quot;title&quot;:&quot;Maputo&quot;}},{&quot;position&quot;:{&quot;lat&quot;:8.855684,&quot;lng&quot;:7.179026},&quot;content&quot;:{&quot;title&quot;:&quot;Abuja&quot;}},{&quot;position&quot;:{&quot;lat&quot;:24.861462,&quot;lng&quot;:67.009939},&quot;content&quot;:{&quot;title&quot;:&quot;Karachi&quot;}},{&quot;position&quot;:{&quot;lat&quot;:8.537981,&quot;lng&quot;:-80.782127},&quot;content&quot;:{&quot;title&quot;:&quot;Panama&quot;}},{&quot;position&quot;:{&quot;lat&quot;:-12.272096,&quot;lng&quot;:-76.271083},&quot;content&quot;:{&quot;title&quot;:&quot;Lima&quot;}},{&quot;position&quot;:{&quot;lat&quot;:38.722252,&quot;lng&quot;:-9.139337},&quot;content&quot;:{&quot;title&quot;:&quot;Lisbona&quot;}},{&quot;position&quot;:{&quot;lat&quot;:44.426767,&quot;lng&quot;:26.102538},&quot;content&quot;:{&quot;title&quot;:&quot;Bucarest&quot;}},{&quot;position&quot;:{&quot;lat&quot;:55.755826,&quot;lng&quot;:37.6173},&quot;content&quot;:{&quot;title&quot;:&quot;Moscow&quot;}},{&quot;position&quot;:{&quot;lat&quot;:1.352083,&quot;lng&quot;:103.819836},&quot;content&quot;:{&quot;title&quot;:&quot;Singapore&quot;}},{&quot;position&quot;:{&quot;lat&quot;:-26.204103,&quot;lng&quot;:28.047305},&quot;content&quot;:{&quot;title&quot;:&quot;Joannesburg&quot;}},{&quot;position&quot;:{&quot;lat&quot;:40.416775,&quot;lng&quot;:-3.70379},&quot;content&quot;:{&quot;title&quot;:&quot;Madris&quot;}},{&quot;position&quot;:{&quot;lat&quot;:41.385064,&quot;lng&quot;:2.173403},&quot;content&quot;:{&quot;title&quot;:&quot;Barcelona&quot;}},{&quot;position&quot;:{&quot;lat&quot;:23.69781,&quot;lng&quot;:120.960515},&quot;content&quot;:{&quot;title&quot;:&quot;Taipei&quot;}},{&quot;position&quot;:{&quot;lat&quot;:-6.573823,&quot;lng&quot;:36.263085},&quot;content&quot;:{&quot;title&quot;:&quot;Dodoma&quot;}},{&quot;position&quot;:{&quot;lat&quot;:41.008238,&quot;lng&quot;:28.978359},&quot;content&quot;:{&quot;title&quot;:&quot;Istambul&quot;}},{&quot;position&quot;:{&quot;lat&quot;:38.423734,&quot;lng&quot;:27.142826},&quot;content&quot;:{&quot;title&quot;:&quot;Izmir&quot;}},{&quot;position&quot;:{&quot;lat&quot;:39.933364,&quot;lng&quot;:32.859742},&quot;content&quot;:{&quot;title&quot;:&quot;Ankara&quot;}},{&quot;position&quot;:{&quot;lat&quot;:25.76168,&quot;lng&quot;:-80.19179},&quot;content&quot;:{&quot;title&quot;:&quot;Miami&quot;}},{&quot;position&quot;:{&quot;lat&quot;:40.712784,&quot;lng&quot;:-74.005941},&quot;content&quot;:{&quot;title&quot;:&quot;New York&quot;}},{&quot;position&quot;:{&quot;lat&quot;:10.480594,&quot;lng&quot;:-66.903606},&quot;content&quot;:{&quot;title&quot;:&quot;Caracas&quot;}},{&quot;position&quot;:{&quot;lat&quot;:10.823099,&quot;lng&quot;:106.629664},&quot;content&quot;:{&quot;title&quot;:&quot;Ho Chi Minh&quot;}}]\"><\/div>\n\n<div style=\"height:100px\" aria-hidden=\"true\" class=\"wp-block-spacer\"><\/div>\n","protected":false},"excerpt":{"rendered":"<p>Spedizioni e trasporto al vostro servizio R.T. Spedizioni \u00e8 una realt\u00e0 aziendale nata coniugando una forte esperienza ad una costante volont\u00e0 di crescita professionale, per soddisfare sempre al meglio i bisogni della clientela. I nostri servizi Coniughiamo una forte esperienza nel settore ad una costante crescita professionale Chi siamo Non ci limitiamo a lavorare per [&hellip;]<\/p>\n","protected":false},"author":1,"featured_media":160,"parent":0,"menu_order":0,"comment_status":"closed","ping_status":"closed","template":"","meta":{"_acf_changed":false,"footnotes":""},"class_list":["post-93","page","type-page","status-publish","has-post-thumbnail","hentry"],"acf":[],"_links":{"self":[{"href":"https:\/\/rtspedizioni.com\/it\/wp-json\/wp\/v2\/pages\/93","targetHints":{"allow":["GET"]}}],"collection":[{"href":"https:\/\/rtspedizioni.com\/it\/wp-json\/wp\/v2\/pages"}],"about":[{"href":"https:\/\/rtspedizioni.com\/it\/wp-json\/wp\/v2\/types\/page"}],"author":[{"embeddable":true,"href":"https:\/\/rtspedizioni.com\/it\/wp-json\/wp\/v2\/users\/1"}],"replies":[{"embeddable":true,"href":"https:\/\/rtspedizioni.com\/it\/wp-json\/wp\/v2\/comments?post=93"}],"version-history":[{"count":10,"href":"https:\/\/rtspedizioni.com\/it\/wp-json\/wp\/v2\/pages\/93\/revisions"}],"predecessor-version":[{"id":698,"href":"https:\/\/rtspedizioni.com\/it\/wp-json\/wp\/v2\/pages\/93\/revisions\/698"}],"wp:featuredmedia":[{"embeddable":true,"href":"https:\/\/rtspedizioni.com\/it\/wp-json\/wp\/v2\/media\/160"}],"wp:attachment":[{"href":"https:\/\/rtspedizioni.com\/it\/wp-json\/wp\/v2\/media?parent=93"}],"curies":[{"name":"wp","href":"https:\/\/api.w.org\/{rel}","templated":true}]}}