{"id":586,"date":"2023-01-16T09:51:46","date_gmt":"2023-01-16T08:51:46","guid":{"rendered":"https:\/\/rtspedizioni.com\/supporto\/"},"modified":"2023-02-07T15:41:55","modified_gmt":"2023-02-07T14:41:55","slug":"supporto","status":"publish","type":"page","link":"https:\/\/rtspedizioni.com\/it\/supporto\/","title":{"rendered":"Supporto"},"content":{"rendered":"\n<div class=\"wp-block-columns c-hero o-grid:center\">\n<div class=\"wp-block-column u-end-5@m u-end-7@l u-space:p-block u-space:l\">\n<h1 class=\"wp-block-heading\">Supporto<\/h1>\n\n\n\n<p>R.T. Spedizioni \u00e8 una realt\u00e0 aziendale nata coniugando una forte esperienza nel settore delle spedizioni ad una costante volont\u00e0 di crescita professionale, per soddisfare sempre al meglio i bisogni della clientela.<\/p>\n<\/div>\n\n\n\n<div class=\"wp-block-column u-start-5@m u-start-8@l\"><\/div>\n<\/div>\n\n<div class=\"wp-block-cover alignfull is-light\"><span aria-hidden=\"true\" class=\"wp-block-cover__background has-background-dim\"><\/span><img loading=\"lazy\" decoding=\"async\" width=\"1920\" height=\"1280\" class=\"wp-block-cover__image-background wp-image-348\" alt=\"\" src=\"https:\/\/rtspedizioni.com\/wp-content\/uploads\/2023\/02\/support-male-worker.jpg\" data-object-fit=\"cover\" srcset=\"https:\/\/rtspedizioni.com\/wp-content\/uploads\/2023\/02\/support-male-worker.jpg 1920w, https:\/\/rtspedizioni.com\/wp-content\/uploads\/2023\/02\/support-male-worker-300x200.jpg 300w, https:\/\/rtspedizioni.com\/wp-content\/uploads\/2023\/02\/support-male-worker-1024x683.jpg 1024w, https:\/\/rtspedizioni.com\/wp-content\/uploads\/2023\/02\/support-male-worker-768x512.jpg 768w, https:\/\/rtspedizioni.com\/wp-content\/uploads\/2023\/02\/support-male-worker-1536x1024.jpg 1536w\" sizes=\"auto, (max-width: 1920px) 100vw, 1920px\" \/><div class=\"wp-block-cover__inner-container\">\n<p class=\"has-text-align-center has-large-font-size\"><\/p>\n<\/div><\/div>\n\n<div class=\"wp-block-group alignfull u-space:p-block u-space:l u-border:bottom\">\n<div class=\"wp-block-media-text has-media-on-the-right is-stacked-on-mobile\"><div class=\"wp-block-media-text__content\">\n<h2 class=\"wp-block-heading\">Contenitori<\/h2>\n\n\n\n<p>Le caratteristiche dimensionali di seguito riportate, sono puramente indicative. Ogni Compagnia Marittima pu\u00f2 in realt\u00e0 disporre di equipment con misure leggermente diversificate.<\/p>\n\n\n\n<p>R.T. SPEDIZIONI s.r.l. non pu\u00f2 assumersi alcuna responsabilit\u00e0 circa la mancata corrispondenza tra quanto indicato e i casi reali.<\/p>\n\n\n\n<div class=\"wp-block-buttons\">\n<div class=\"wp-block-button is-style-ghost-button\"><a class=\"wp-block-button__link wp-element-button\" href=\"https:\/\/rtspedizioni.com\/wp-content\/uploads\/2023\/02\/containers.pdf\" target=\"_blank\" rel=\"noreferrer noopener\">Download<\/a><\/div>\n<\/div>\n<\/div><figure class=\"wp-block-media-text__media\"><img decoding=\"async\" src=\"https:\/\/rtspedizioni.com\/wp-content\/uploads\/2023\/01\/containers.svg\" alt=\"\" class=\"wp-image-303 size-full\"\/><\/figure><\/div>\n<\/div>\n\n<div class=\"wp-block-media-text is-stacked-on-mobile u-space:p-block u-space:l\"><figure class=\"wp-block-media-text__media\"><img decoding=\"async\" src=\"https:\/\/rtspedizioni.com\/wp-content\/uploads\/2023\/01\/incoterms.svg\" alt=\"\" class=\"wp-image-306 size-full\"\/><\/figure><div class=\"wp-block-media-text__content\">\n<h2 class=\"wp-block-heading\">Incoterms<\/h2>\n\n\n\n<p>Gli Incoterms (international commercial terms) sono termini utilizzati nel commercio internazionale per identificare chiaramente diritti e doveri di ogni soggetto giuridico coinvolto in un&#8217;operazione di trasferimento di beni da una nazione ad un&#8217;altra.<\/p>\n\n\n\n<p>Questi termini sono statuiti dalla <a href=\"http:\/\/www.iccwbo.org\/\" target=\"_blank\" rel=\"noreferrer noopener nofollow\" data-type=\"URL\" data-id=\"http:\/\/www.iccwbo.org\/\">ICC<\/a> e sono riconosciuti validi in tutto il mondo.<\/p>\n\n\n\n<div class=\"wp-block-buttons\">\n<div class=\"wp-block-button is-style-ghost-button\"><a class=\"wp-block-button__link wp-element-button\" href=\"https:\/\/rtspedizioni.com\/wp-content\/uploads\/2023\/02\/incoterms2020.pdf\" target=\"_blank\" rel=\"noreferrer noopener\">Download<\/a><\/div>\n<\/div>\n<\/div><\/div>\n\n<div class=\"wp-block-cover alignfull is-light\"><span aria-hidden=\"true\" class=\"wp-block-cover__background has-background-dim\"><\/span><img loading=\"lazy\" decoding=\"async\" width=\"1440\" height=\"810\" class=\"wp-block-cover__image-background wp-image-374\" alt=\"\" src=\"https:\/\/rtspedizioni.com\/wp-content\/uploads\/2023\/02\/support-transport.jpg\" style=\"object-position:53% 13%\" data-object-fit=\"cover\" data-object-position=\"53% 13%\" srcset=\"https:\/\/rtspedizioni.com\/wp-content\/uploads\/2023\/02\/support-transport.jpg 1440w, https:\/\/rtspedizioni.com\/wp-content\/uploads\/2023\/02\/support-transport-300x169.jpg 300w, https:\/\/rtspedizioni.com\/wp-content\/uploads\/2023\/02\/support-transport-1024x576.jpg 1024w, https:\/\/rtspedizioni.com\/wp-content\/uploads\/2023\/02\/support-transport-768x432.jpg 768w\" sizes=\"auto, (max-width: 1440px) 100vw, 1440px\" \/><div class=\"wp-block-cover__inner-container\">\n<h2 class=\"has-text-align-center has-large-font-size wp-block-heading\">Link utili<\/h2>\n\n\n\n<p class=\"has-text-align-center\">Siti istituzionali e utilit\u00e0<\/p>\n<\/div><\/div>\n\n<div class=\"c-cards o-grid:four -nogap\">\n    \n                    <div class=\"c-cards_item u-border\">\n                <a href=\"https:\/\/www.adm.gov.it\/portale\/home\" title=\"Agenzia delle dogane\" class=\"u-cover\" rel=\"nofollow noopener\" target=\"_blank\"><\/a>\n\n                \n                <h3>Agenzia delle dogane<\/h3>\n\n                <p class=\"u-space:m-bottom u-space:s\">Autorit\u00e0 di regolamentazione con poteri sanzionatori e di vigilanza<\/p>\n                <span class=\"c-btn -ghost -nopad\">Scopri di pi\u00f9<\/span>\n            <\/div>\n                    <div class=\"c-cards_item u-border\">\n                <a href=\"https:\/\/www.salute.gov.it\/portale\/home.html\" title=\"Ministero della Salute\" class=\"u-cover\" rel=\"nofollow noopener\" target=\"_blank\"><\/a>\n\n                \n                <h3>Ministero della Salute<\/h3>\n\n                <p class=\"u-space:m-bottom u-space:s\">Promuove e protegge la salute come diritto fondamentale dell&#8217;individuo<\/p>\n                <span class=\"c-btn -ghost -nopad\">Scopri di pi\u00f9<\/span>\n            <\/div>\n                    <div class=\"c-cards_item u-border\">\n                <a href=\"https:\/\/www.dl.camcom.it\/\" title=\"C.C.I.A.A. di Venezia\" class=\"u-cover\" rel=\"nofollow noopener\" target=\"_blank\"><\/a>\n\n                \n                <h3>C.C.I.A.A. di Venezia<\/h3>\n\n                <p class=\"u-space:m-bottom u-space:s\">Sostegno all&#8217;economia, servizi di promozione, regolazione del mercato<\/p>\n                <span class=\"c-btn -ghost -nopad\">Scopri di pi\u00f9<\/span>\n            <\/div>\n                    <div class=\"c-cards_item u-border\">\n                <a href=\"https:\/\/www.port.venice.it\/it\/autorita-portuale-di-venezia.html\" title=\"Autorit\u00e0 Portuale di Venezia\" class=\"u-cover\" rel=\"nofollow noopener\" target=\"_blank\"><\/a>\n\n                \n                <h3>Autorit\u00e0 Portuale di Venezia<\/h3>\n\n                <p class=\"u-space:m-bottom u-space:s\">Guida, pianifica, coordina, promuove e controlla le operazioni portuali<\/p>\n                <span class=\"c-btn -ghost -nopad\">Scopri di pi\u00f9<\/span>\n            <\/div>\n                    <div class=\"c-cards_item u-border\">\n                <a href=\"https:\/\/www.vecon.it\/\" title=\"Vecon \u2013 Terminal Intermodale Venezia\" class=\"u-cover\" rel=\"nofollow noopener\" target=\"_blank\"><\/a>\n\n                \n                <h3>Vecon \u2013 Terminal Intermodale Venezia<\/h3>\n\n                <p class=\"u-space:m-bottom u-space:s\">Il terminal di Venezia per eccellenza con servizi di alto livello<\/p>\n                <span class=\"c-btn -ghost -nopad\">Scopri di pi\u00f9<\/span>\n            <\/div>\n                    <div class=\"c-cards_item u-border\">\n                <a href=\"https:\/\/www.informare.it\/\" title=\"inforMARE\" class=\"u-cover\" rel=\"nofollow noopener\" target=\"_blank\"><\/a>\n\n                \n                <h3>inforMARE<\/h3>\n\n                <p class=\"u-space:m-bottom u-space:s\">Quotidiano indipendente di economia e politica dei trasporti<\/p>\n                <span class=\"c-btn -ghost -nopad\">Scopri di pi\u00f9<\/span>\n            <\/div>\n                    <div class=\"c-cards_item u-border\">\n                <a href=\"https:\/\/www.xe.com\/currencyconverter\/\" title=\"XE.com\" class=\"u-cover\" rel=\"nofollow noopener\" target=\"_blank\"><\/a>\n\n                \n                <h3>XE.com<\/h3>\n\n                <p class=\"u-space:m-bottom u-space:s\">Convertitore di valuta: controlla i tassi di cambio in tempo reale<\/p>\n                <span class=\"c-btn -ghost -nopad\">Scopri di pi\u00f9<\/span>\n            <\/div>\n                    <div class=\"c-cards_item u-border\">\n                <a href=\"https:\/\/www.onlineconversion.com\/\" title=\"Online Conversion\" class=\"u-cover\" rel=\"nofollow noopener\" target=\"_blank\"><\/a>\n\n                \n                <h3>Online Conversion<\/h3>\n\n                <p class=\"u-space:m-bottom u-space:s\">Converte praticamente qualsiasi cosa in qualsiasi altra, migliaia di unit\u00e0 e milioni di conversioni<\/p>\n                <span class=\"c-btn -ghost -nopad\">Scopri di pi\u00f9<\/span>\n            <\/div>\n        \n    <\/div>\n\n<div class=\"wp-block-group alignfull has-primary-background-color has-background\">\n<div class=\"wp-block-columns u-space:p-block u-space:l o-grid\">\n<div class=\"wp-block-column u-end-4@m u-start-2@l u-end-12@l\">\n<p class=\"has-small-font-size\">VI SEMBRA COMPLICATO? NESSUN PROBLEMA!<\/p>\n\n\n\n<h2 class=\"wp-block-heading\">Contattateci ora<\/h2>\n\n\n<script type=\"text\/javascript\">\n\/* <![CDATA[ *\/\nvar gform;gform||(document.addEventListener(\"gform_main_scripts_loaded\",function(){gform.scriptsLoaded=!0}),document.addEventListener(\"gform\/theme\/scripts_loaded\",function(){gform.themeScriptsLoaded=!0}),window.addEventListener(\"DOMContentLoaded\",function(){gform.domLoaded=!0}),gform={domLoaded:!1,scriptsLoaded:!1,themeScriptsLoaded:!1,isFormEditor:()=>\"function\"==typeof InitializeEditor,callIfLoaded:function(o){return!(!gform.domLoaded||!gform.scriptsLoaded||!gform.themeScriptsLoaded&&!gform.isFormEditor()||(gform.isFormEditor()&&console.warn(\"The use of gform.initializeOnLoaded() is deprecated in the form editor context and will be removed in Gravity Forms 3.1.\"),o(),0))},initializeOnLoaded:function(o){gform.callIfLoaded(o)||(document.addEventListener(\"gform_main_scripts_loaded\",()=>{gform.scriptsLoaded=!0,gform.callIfLoaded(o)}),document.addEventListener(\"gform\/theme\/scripts_loaded\",()=>{gform.themeScriptsLoaded=!0,gform.callIfLoaded(o)}),window.addEventListener(\"DOMContentLoaded\",()=>{gform.domLoaded=!0,gform.callIfLoaded(o)}))},hooks:{action:{},filter:{}},addAction:function(o,r,e,t){gform.addHook(\"action\",o,r,e,t)},addFilter:function(o,r,e,t){gform.addHook(\"filter\",o,r,e,t)},doAction:function(o){gform.doHook(\"action\",o,arguments)},applyFilters:function(o){return gform.doHook(\"filter\",o,arguments)},removeAction:function(o,r){gform.removeHook(\"action\",o,r)},removeFilter:function(o,r,e){gform.removeHook(\"filter\",o,r,e)},addHook:function(o,r,e,t,n){null==gform.hooks[o][r]&&(gform.hooks[o][r]=[]);var d=gform.hooks[o][r];null==n&&(n=r+\"_\"+d.length),gform.hooks[o][r].push({tag:n,callable:e,priority:t=null==t?10:t})},doHook:function(r,o,e){var t;if(e=Array.prototype.slice.call(e,1),null!=gform.hooks[r][o]&&((o=gform.hooks[r][o]).sort(function(o,r){return o.priority-r.priority}),o.forEach(function(o){\"function\"!=typeof(t=o.callable)&&(t=window[t]),\"action\"==r?t.apply(null,e):e[0]=t.apply(null,e)})),\"filter\"==r)return e[0]},removeHook:function(o,r,t,n){var e;null!=gform.hooks[o][r]&&(e=(e=gform.hooks[o][r]).filter(function(o,r,e){return!!(null!=n&&n!=o.tag||null!=t&&t!=o.priority)}),gform.hooks[o][r]=e)}});\n\/* ]]> *\/\n<\/script>\n\n                <div class='gf_browser_gecko gform_wrapper gravity-theme gform-theme--no-framework' data-form-theme='gravity-theme' data-form-index='0' id='gform_wrapper_1' ><form method='post' enctype='multipart\/form-data'  id='gform_1'  action='\/it\/wp-json\/wp\/v2\/pages\/586\/' data-formid='1' novalidate>\n                        <div class='gform-body gform_body'><div id='gform_fields_1' class='gform_fields top_label form_sublabel_below description_below validation_below'><div id=\"field_1_7\" class=\"gfield gfield--type-honeypot gform_validation_container field_sublabel_below gfield--has-description field_description_below field_validation_below gfield_visibility_visible\"  ><label class='gfield_label gform-field-label' for='input_1_7'>Name<\/label><div class='ginput_container'><input name='input_7' id='input_1_7' type='text' value='' autocomplete='new-password'\/><\/div><div class='gfield_description' id='gfield_description_1_7'>Questo campo serve per la convalida e dovrebbe essere lasciato inalterato.<\/div><\/div><fieldset id=\"field_1_1\" class=\"gfield gfield--type-name gfield_contains_required field_sublabel_hidden_label gfield--no-description field_description_below hidden_label field_validation_below gfield_visibility_visible\"  ><legend class='gfield_label gform-field-label gfield_label_before_complex' >Nome e cognome<span class=\"gfield_required\"><span class=\"gfield_required gfield_required_text\">(Obbligatorio)<\/span><\/span><\/legend><div class='ginput_complex ginput_container ginput_container--name no_prefix has_first_name no_middle_name has_last_name no_suffix gf_name_has_2 ginput_container_name gform-grid-row' id='input_1_1'>\n                            \n                            <span id='input_1_1_3_container' class='name_first gform-grid-col gform-grid-col--size-auto' >\n                                                    <input type='text' name='input_1.3' id='input_1_1_3' value=''   aria-required='true'   placeholder='Nome'  \/>\n                                                    <label for='input_1_1_3' class='gform-field-label gform-field-label--type-sub hidden_sub_label screen-reader-text'>Nome<\/label>\n                                                <\/span>\n                            \n                            <span id='input_1_1_6_container' class='name_last gform-grid-col gform-grid-col--size-auto' >\n                                                    <input type='text' name='input_1.6' id='input_1_1_6' value=''   aria-required='true'   placeholder='Cognome'  \/>\n                                                    <label for='input_1_1_6' class='gform-field-label gform-field-label--type-sub hidden_sub_label screen-reader-text'>Cognome<\/label>\n                                                <\/span>\n                            \n                        <\/div><\/fieldset><div id=\"field_1_3\" class=\"gfield gfield--type-email gfield--width-half gfield_contains_required field_sublabel_below gfield--no-description field_description_below hidden_label field_validation_below gfield_visibility_visible\"  ><label class='gfield_label gform-field-label' for='input_1_3'>Email<span class=\"gfield_required\"><span class=\"gfield_required gfield_required_text\">(Obbligatorio)<\/span><\/span><\/label><div class='ginput_container ginput_container_email'>\n                            <input name='input_3' id='input_1_3' type='email' value='' class='large'   placeholder='Email' aria-required=\"true\" aria-invalid=\"false\"  \/>\n                        <\/div><\/div><div id=\"field_1_4\" class=\"gfield gfield--type-phone gfield--width-half gfield_contains_required field_sublabel_below gfield--no-description field_description_below hidden_label field_validation_below gfield_visibility_visible\"  ><label class='gfield_label gform-field-label' for='input_1_4'>Telefono<span class=\"gfield_required\"><span class=\"gfield_required gfield_required_text\">(Obbligatorio)<\/span><\/span><\/label><div class='ginput_container ginput_container_phone'><input name='input_4' id='input_1_4' type='tel' value='' class='large'  placeholder='Telefono' aria-required=\"true\" aria-invalid=\"false\"   \/><\/div><\/div><div id=\"field_1_5\" class=\"gfield gfield--type-textarea gfield--width-full gfield_contains_required field_sublabel_below gfield--no-description field_description_below hidden_label field_validation_below gfield_visibility_visible\"  ><label class='gfield_label gform-field-label' for='input_1_5'>Untitled<span class=\"gfield_required\"><span class=\"gfield_required gfield_required_text\">(Obbligatorio)<\/span><\/span><\/label><div class='ginput_container ginput_container_textarea'><textarea name='input_5' id='input_1_5' class='textarea medium'    placeholder='Messaggio' aria-required=\"true\" aria-invalid=\"false\"   rows='10' cols='50'><\/textarea><\/div><\/div><div id=\"field_1_6\" class=\"gfield gfield--type-html gfield--width-full gfield_html gfield_html_formatted gfield_no_follows_desc field_sublabel_below gfield--no-description field_description_below field_validation_below gfield_visibility_visible\"  >Inviando il modulo, i dati saranno trattati nel pieno rispetto della privacy. Per saperne di pi\u00f9 sul trattamento dei vostri dati, consultate la nostra <a href=\"https:\/\/www.rtspedizioni2.labs.metaline.it\/it\/privacy-policy\/\" target=\"_blank\" rel=\"nofollow noopener\">privacy policy<\/a>.<\/div><\/div><\/div>\n        <div class='gform-footer gform_footer top_label'> <button type=\"submit\" id=\"gform_submit_button_1\" class=\"gform_button button\" onclick=\"gform.submission.handleButtonClick(this);\" data-submission-type=\"submit\">Invia<\/button> \n            <input type='hidden' class='gform_hidden' name='gform_submission_method' data-js='gform_submission_method_1' value='postback' \/>\n            <input type='hidden' class='gform_hidden' name='gform_theme' data-js='gform_theme_1' id='gform_theme_1' value='gravity-theme' \/>\n            <input type='hidden' class='gform_hidden' name='gform_style_settings' data-js='gform_style_settings_1' id='gform_style_settings_1' value='[]' \/>\n            <input type='hidden' class='gform_hidden' name='is_submit_1' value='1' \/>\n            <input type='hidden' class='gform_hidden' name='gform_submit' value='1' \/>\n            \n            <input type='hidden' class='gform_hidden' name='gform_currency' data-currency='EUR' value='3LT57DaIdOahYGTQ0Hl7+\/ioh5R4J4PiM26VX2Y9YPGnWscwyDNf5ybvN7sQsCFA18r7lq2dkZBn03Hskj3k5BwI1FTyRkBAPlNIP\/0qXC1UquM=' \/>\n            <input type='hidden' class='gform_hidden' name='gform_unique_id' value='' \/>\n            <input type='hidden' class='gform_hidden' name='state_1' value='WyJbXSIsIjYyZjc4NjQ4N2YzZjZkMDZhMjM1YjM1MDZkODU1NDEyIl0=' \/>\n            <input type='hidden' autocomplete='off' class='gform_hidden' name='gform_target_page_number_1' id='gform_target_page_number_1' value='0' \/>\n            <input type='hidden' autocomplete='off' class='gform_hidden' name='gform_source_page_number_1' id='gform_source_page_number_1' value='1' \/>\n            <input type='hidden' name='gform_field_values' value='' \/>\n            \n        <\/div>\n                        <\/form>\n                        <\/div><script type=\"text\/javascript\">\n\/* <![CDATA[ *\/\n gform.initializeOnLoaded( function() {gformInitSpinner( 1, 'https:\/\/rtspedizioni.com\/wp-content\/plugins\/gravityforms\/images\/spinner.svg', true );jQuery('#gform_ajax_frame_1').on('load',function(){var contents = jQuery(this).contents().find('*').html();var is_postback = contents.indexOf('GF_AJAX_POSTBACK') >= 0;if(!is_postback){return;}var form_content = jQuery(this).contents().find('#gform_wrapper_1');var is_confirmation = jQuery(this).contents().find('#gform_confirmation_wrapper_1').length > 0;var is_redirect = contents.indexOf('gformRedirect(){') >= 0;var is_form = form_content.length > 0 && ! is_redirect && ! is_confirmation;var mt = parseInt(jQuery('html').css('margin-top'), 10) + parseInt(jQuery('body').css('margin-top'), 10) + 100;if(is_form){jQuery('#gform_wrapper_1').html(form_content.html());if(form_content.hasClass('gform_validation_error')){jQuery('#gform_wrapper_1').addClass('gform_validation_error');} else {jQuery('#gform_wrapper_1').removeClass('gform_validation_error');}setTimeout( function() { \/* delay the scroll by 50 milliseconds to fix a bug in chrome *\/  }, 50 );if(window['gformInitDatepicker']) {gformInitDatepicker();}if(window['gformInitPriceFields']) {gformInitPriceFields();}var current_page = jQuery('#gform_source_page_number_1').val();gformInitSpinner( 1, 'https:\/\/rtspedizioni.com\/wp-content\/plugins\/gravityforms\/images\/spinner.svg', true );jQuery(document).trigger('gform_page_loaded', [1, current_page]);window['gf_submitting_1'] = false;}else if(!is_redirect){var confirmation_content = jQuery(this).contents().find('.GF_AJAX_POSTBACK').html();if(!confirmation_content){confirmation_content = contents;}jQuery('#gform_wrapper_1').replaceWith(confirmation_content);jQuery(document).trigger('gform_confirmation_loaded', [1]);window['gf_submitting_1'] = false;wp.a11y.speak(jQuery('#gform_confirmation_message_1').text());}else{jQuery('#gform_1').append(contents);if(window['gformRedirect']) {gformRedirect();}}jQuery(document).trigger(\"gform_pre_post_render\", [{ formId: \"1\", currentPage: \"current_page\", abort: function() { this.preventDefault(); } }]);        if (event && event.defaultPrevented) {                return;        }        const gformWrapperDiv = document.getElementById( \"gform_wrapper_1\" );        if ( gformWrapperDiv ) {            const visibilitySpan = document.createElement( \"span\" );            visibilitySpan.id = \"gform_visibility_test_1\";            gformWrapperDiv.insertAdjacentElement( \"afterend\", visibilitySpan );        }        const visibilityTestDiv = document.getElementById( \"gform_visibility_test_1\" );        let postRenderFired = false;        function triggerPostRender() {            if ( postRenderFired ) {                return;            }            postRenderFired = true;            gform.core.triggerPostRenderEvents( 1, current_page );            if ( visibilityTestDiv ) {                visibilityTestDiv.parentNode.removeChild( visibilityTestDiv );            }        }        function debounce( func, wait, immediate ) {            var timeout;            return function() {                var context = this, args = arguments;                var later = function() {                    timeout = null;                    if ( !immediate ) func.apply( context, args );                };                var callNow = immediate && !timeout;                clearTimeout( timeout );                timeout = setTimeout( later, wait );                if ( callNow ) func.apply( context, args );            };        }        const debouncedTriggerPostRender = debounce( function() {            triggerPostRender();        }, 200 );        if ( visibilityTestDiv && visibilityTestDiv.offsetParent === null ) {            const observer = new MutationObserver( ( mutations ) => {                mutations.forEach( ( mutation ) => {                    if ( mutation.type === 'attributes' && visibilityTestDiv.offsetParent !== null ) {                        debouncedTriggerPostRender();                        observer.disconnect();                    }                });            });            observer.observe( document.body, {                attributes: true,                childList: false,                subtree: true,                attributeFilter: [ 'style', 'class' ],            });        } else {            triggerPostRender();        }    } );} ); \n\/* ]]> *\/\n<\/script>\n<\/div>\n<\/div>\n<\/div>\n","protected":false},"excerpt":{"rendered":"<p>R.T. Spedizioni \u00e8 una realt\u00e0 aziendale nata coniugando una forte esperienza nel settore delle spedizioni ad una costante volont\u00e0 di crescita professionale, per soddisfare sempre al meglio i bisogni della clientela.<\/p>\n","protected":false},"author":1,"featured_media":0,"parent":0,"menu_order":0,"comment_status":"closed","ping_status":"closed","template":"","meta":{"_acf_changed":false,"footnotes":""},"class_list":["post-586","page","type-page","status-publish","hentry"],"acf":[],"_links":{"self":[{"href":"https:\/\/rtspedizioni.com\/it\/wp-json\/wp\/v2\/pages\/586","targetHints":{"allow":["GET"]}}],"collection":[{"href":"https:\/\/rtspedizioni.com\/it\/wp-json\/wp\/v2\/pages"}],"about":[{"href":"https:\/\/rtspedizioni.com\/it\/wp-json\/wp\/v2\/types\/page"}],"author":[{"embeddable":true,"href":"https:\/\/rtspedizioni.com\/it\/wp-json\/wp\/v2\/users\/1"}],"replies":[{"embeddable":true,"href":"https:\/\/rtspedizioni.com\/it\/wp-json\/wp\/v2\/comments?post=586"}],"version-history":[{"count":2,"href":"https:\/\/rtspedizioni.com\/it\/wp-json\/wp\/v2\/pages\/586\/revisions"}],"predecessor-version":[{"id":733,"href":"https:\/\/rtspedizioni.com\/it\/wp-json\/wp\/v2\/pages\/586\/revisions\/733"}],"wp:attachment":[{"href":"https:\/\/rtspedizioni.com\/it\/wp-json\/wp\/v2\/media?parent=586"}],"curies":[{"name":"wp","href":"https:\/\/api.w.org\/{rel}","templated":true}]}}